{"id":765,"date":"2025-03-12T10:37:35","date_gmt":"2025-03-12T10:37:35","guid":{"rendered":"http:\/\/stronovo.com\/?page_id=765"},"modified":"2025-08-26T06:07:56","modified_gmt":"2025-08-26T06:07:56","slug":"services","status":"publish","type":"page","link":"https:\/\/stronovo.com\/?page_id=765","title":{"rendered":"Services"},"content":{"rendered":"\t\t<div data-elementor-type=\"wp-page\" data-elementor-id=\"765\" class=\"elementor elementor-765\">\n\t\t\t\t<div class=\"elementor-element elementor-element-fdf5c0f e-flex e-con-boxed e-con e-parent\" data-id=\"fdf5c0f\" data-element_type=\"container\" data-e-type=\"container\">\n\t\t\t\t\t<div class=\"e-con-inner\">\n\t\t<div class=\"elementor-element elementor-element-8433d8a e-con-full e-flex e-con e-child\" data-id=\"8433d8a\" data-element_type=\"container\" data-e-type=\"container\">\n\t\t\t\t<div class=\"elementor-element elementor-element-d022c15 elementor-widget elementor-widget-heading\" data-id=\"d022c15\" data-element_type=\"widget\" data-e-type=\"widget\" data-widget_type=\"heading.default\">\n\t\t\t\t<div class=\"elementor-widget-container\">\n\t\t\t\t\t<span class=\"elementor-heading-title elementor-size-default\">Profesjonalne us\u0142ugi internetowe<\/span>\t\t\t\t<\/div>\n\t\t\t\t<\/div>\n\t\t\t\t<div class=\"elementor-element elementor-element-2858142 elementor-widget elementor-widget-heading\" data-id=\"2858142\" data-element_type=\"widget\" data-e-type=\"widget\" data-widget_type=\"heading.default\">\n\t\t\t\t<div class=\"elementor-widget-container\">\n\t\t\t\t\t<h1 class=\"elementor-heading-title elementor-size-default\">Zwi\u0119ksz sw\u00f3j ruch i konwersj\u0119<\/h1>\t\t\t\t<\/div>\n\t\t\t\t<\/div>\n\t\t\t\t<\/div>\n\t\t<div class=\"elementor-element elementor-element-132b3bb e-con-full e-flex e-con e-child\" data-id=\"132b3bb\" data-element_type=\"container\" data-e-type=\"container\">\n\t\t\t\t<div class=\"elementor-element elementor-element-322a77c elementor-widget elementor-widget-image\" data-id=\"322a77c\" data-element_type=\"widget\" data-e-type=\"widget\" data-widget_type=\"image.default\">\n\t\t\t\t<div class=\"elementor-widget-container\">\n\t\t\t\t\t\t\t\t\t\t\t\t\t\t\t<img fetchpriority=\"high\" decoding=\"async\" width=\"1080\" height=\"1350\" src=\"https:\/\/stronovo.com\/wp-content\/uploads\/2025\/09\/person-using-black-laptop-computer-jkl2pvkn8q0.jpeg\" class=\"attachment-full size-full wp-image-1671\" alt=\"person-using-black-laptop-computer-jkl2pvkn8q0\" srcset=\"https:\/\/stronovo.com\/wp-content\/uploads\/2025\/09\/person-using-black-laptop-computer-jkl2pvkn8q0.jpeg 1080w, https:\/\/stronovo.com\/wp-content\/uploads\/2025\/09\/person-using-black-laptop-computer-jkl2pvkn8q0-240x300.jpeg 240w, https:\/\/stronovo.com\/wp-content\/uploads\/2025\/09\/person-using-black-laptop-computer-jkl2pvkn8q0-819x1024.jpeg 819w, https:\/\/stronovo.com\/wp-content\/uploads\/2025\/09\/person-using-black-laptop-computer-jkl2pvkn8q0-768x960.jpeg 768w\" sizes=\"(max-width: 1080px) 100vw, 1080px\" \/>\t\t\t\t\t\t\t\t\t\t\t\t\t\t\t<\/div>\n\t\t\t\t<\/div>\n\t\t\t\t<\/div>\n\t\t\t\t\t<\/div>\n\t\t\t\t<\/div>\n\t\t<div class=\"elementor-element elementor-element-54b0058 e-flex e-con-boxed e-con e-parent\" data-id=\"54b0058\" data-element_type=\"container\" data-e-type=\"container\" data-settings=\"{&quot;background_background&quot;:&quot;classic&quot;}\">\n\t\t\t\t\t<div class=\"e-con-inner\">\n\t\t\t\t<div class=\"elementor-element elementor-element-c2e0b81 elementor-widget elementor-widget-heading\" data-id=\"c2e0b81\" data-element_type=\"widget\" data-e-type=\"widget\" data-widget_type=\"heading.default\">\n\t\t\t\t<div class=\"elementor-widget-container\">\n\t\t\t\t\t<span class=\"elementor-heading-title elementor-size-default\">Kompleksowe us\u0142ugi internetowe<\/span>\t\t\t\t<\/div>\n\t\t\t\t<\/div>\n\t\t\t\t<div class=\"elementor-element elementor-element-737c61c elementor-widget elementor-widget-heading\" data-id=\"737c61c\" data-element_type=\"widget\" data-e-type=\"widget\" data-widget_type=\"heading.default\">\n\t\t\t\t<div class=\"elementor-widget-container\">\n\t\t\t\t\t<h2 class=\"elementor-heading-title elementor-size-default\">Nasze us\u0142ugi: Strony i sklepy online<\/h2>\t\t\t\t<\/div>\n\t\t\t\t<\/div>\n\t\t<div class=\"elementor-element elementor-element-615f79a e-con-full e-flex e-con e-child\" data-id=\"615f79a\" data-element_type=\"container\" data-e-type=\"container\">\n\t\t<div class=\"elementor-element elementor-element-6cd6341 e-con-full e-flex e-con e-child\" data-id=\"6cd6341\" data-element_type=\"container\" data-e-type=\"container\">\n\t\t\t\t<div class=\"elementor-element elementor-element-8769b53 elementor-widget elementor-widget-heading\" data-id=\"8769b53\" data-element_type=\"widget\" data-e-type=\"widget\" data-widget_type=\"heading.default\">\n\t\t\t\t<div class=\"elementor-widget-container\">\n\t\t\t\t\t<span class=\"elementor-heading-title elementor-size-default\">01<\/span>\t\t\t\t<\/div>\n\t\t\t\t<\/div>\n\t\t\t\t<div class=\"elementor-element elementor-element-7b61e2b elementor-widget elementor-widget-hfe-infocard\" data-id=\"7b61e2b\" data-element_type=\"widget\" data-e-type=\"widget\" data-widget_type=\"hfe-infocard.default\">\n\t\t\t\t<div class=\"elementor-widget-container\">\n\t\t\t\t\t\n\t\t<div class=\"hfe-infocard\">\n\t\t\t\t\t\t\t\t\t<div class=\"hfe-infocard-title-wrap\">\n\t\t\t\t<h3 class=\"hfe-infocard-title elementor-inline-editing\" data-elementor-setting-key=\"infocard_title\" data-elementor-inline-editing-toolbar=\"basic\" >Tworzenie stron www<\/h3>\t\t\t<\/div>\n\t\t\t\t\t\t<div class=\"hfe-infocard-text-wrap\">\n\t\t\t\t<div class=\"hfe-infocard-text elementor-inline-editing\" data-elementor-setting-key=\"infocard_description\" data-elementor-inline-editing-toolbar=\"advanced\">\n\t\t\t\t\tOferujemy kompleksowe projektowanie i wdra\u017canie stron internetowych z naciskiem na konwersj\u0119. Nasze podej\u015bcie obejmuje SEO, optymalizacj\u0119 wydajno\u015bci oraz integracje analityczne, by Twoja strona od pierwszego dnia mog\u0142a efektywnie przyci\u0105ga\u0107 ruch i generowa\u0107 sprzeda\u017c.\t\t\t\t<\/div>\n\t\t\t\t\t\t\t<\/div>\n\t\t<\/div>\n\n\t\t\t\t\t\t<\/div>\n\t\t\t\t<\/div>\n\t\t\t\t<\/div>\n\t\t<div class=\"elementor-element elementor-element-a44443d e-con-full e-flex e-con e-child\" data-id=\"a44443d\" data-element_type=\"container\" data-e-type=\"container\">\n\t\t\t\t<div class=\"elementor-element elementor-element-a79d279 elementor-widget elementor-widget-image\" data-id=\"a79d279\" data-element_type=\"widget\" data-e-type=\"widget\" data-widget_type=\"image.default\">\n\t\t\t\t<div class=\"elementor-widget-container\">\n\t\t\t\t\t\t\t\t\t\t\t\t\t\t\t<img decoding=\"async\" width=\"1080\" height=\"1350\" src=\"https:\/\/stronovo.com\/wp-content\/uploads\/2025\/09\/person-using-macbook-pro-on-table-ucybl5v0xwq.jpeg\" class=\"attachment-full size-full wp-image-1670\" alt=\"person-using-macbook-pro-on-table-ucybl5v0xwq\" srcset=\"https:\/\/stronovo.com\/wp-content\/uploads\/2025\/09\/person-using-macbook-pro-on-table-ucybl5v0xwq.jpeg 1080w, https:\/\/stronovo.com\/wp-content\/uploads\/2025\/09\/person-using-macbook-pro-on-table-ucybl5v0xwq-240x300.jpeg 240w, https:\/\/stronovo.com\/wp-content\/uploads\/2025\/09\/person-using-macbook-pro-on-table-ucybl5v0xwq-819x1024.jpeg 819w, https:\/\/stronovo.com\/wp-content\/uploads\/2025\/09\/person-using-macbook-pro-on-table-ucybl5v0xwq-768x960.jpeg 768w\" sizes=\"(max-width: 1080px) 100vw, 1080px\" \/>\t\t\t\t\t\t\t\t\t\t\t\t\t\t\t<\/div>\n\t\t\t\t<\/div>\n\t\t\t\t<\/div>\n\t\t\t\t<\/div>\n\t\t<div class=\"elementor-element elementor-element-6e243d3 e-con-full e-flex e-con e-child\" data-id=\"6e243d3\" data-element_type=\"container\" data-e-type=\"container\">\n\t\t<div class=\"elementor-element elementor-element-d939578 e-con-full e-flex e-con e-child\" data-id=\"d939578\" data-element_type=\"container\" data-e-type=\"container\">\n\t\t\t\t<div class=\"elementor-element elementor-element-5ba0d36 elementor-widget elementor-widget-image\" data-id=\"5ba0d36\" data-element_type=\"widget\" data-e-type=\"widget\" data-widget_type=\"image.default\">\n\t\t\t\t<div class=\"elementor-widget-container\">\n\t\t\t\t\t\t\t\t\t\t\t\t\t\t\t<img decoding=\"async\" width=\"700\" height=\"1050\" src=\"https:\/\/stronovo.com\/wp-content\/uploads\/2025\/09\/website-displayed-on-a-laptop-standing-on-a-wooden-table-18096282.jpeg\" class=\"attachment-full size-full wp-image-1672\" alt=\"Open laptop showing a website screen on a wooden table in an outdoor terrace setting.\" srcset=\"https:\/\/stronovo.com\/wp-content\/uploads\/2025\/09\/website-displayed-on-a-laptop-standing-on-a-wooden-table-18096282.jpeg 700w, https:\/\/stronovo.com\/wp-content\/uploads\/2025\/09\/website-displayed-on-a-laptop-standing-on-a-wooden-table-18096282-200x300.jpeg 200w, https:\/\/stronovo.com\/wp-content\/uploads\/2025\/09\/website-displayed-on-a-laptop-standing-on-a-wooden-table-18096282-683x1024.jpeg 683w\" sizes=\"(max-width: 700px) 100vw, 700px\" \/>\t\t\t\t\t\t\t\t\t\t\t\t\t\t\t<\/div>\n\t\t\t\t<\/div>\n\t\t\t\t<\/div>\n\t\t<div class=\"elementor-element elementor-element-fb4f07d e-con-full e-flex e-con e-child\" data-id=\"fb4f07d\" data-element_type=\"container\" data-e-type=\"container\">\n\t\t\t\t<div class=\"elementor-element elementor-element-2d27b77 elementor-widget elementor-widget-heading\" data-id=\"2d27b77\" data-element_type=\"widget\" data-e-type=\"widget\" data-widget_type=\"heading.default\">\n\t\t\t\t<div class=\"elementor-widget-container\">\n\t\t\t\t\t<span class=\"elementor-heading-title elementor-size-default\">02<\/span>\t\t\t\t<\/div>\n\t\t\t\t<\/div>\n\t\t\t\t<div class=\"elementor-element elementor-element-21cc6dc elementor-widget elementor-widget-hfe-infocard\" data-id=\"21cc6dc\" data-element_type=\"widget\" data-e-type=\"widget\" data-widget_type=\"hfe-infocard.default\">\n\t\t\t\t<div class=\"elementor-widget-container\">\n\t\t\t\t\t\n\t\t<div class=\"hfe-infocard\">\n\t\t\t\t\t\t\t\t\t<div class=\"hfe-infocard-title-wrap\">\n\t\t\t\t<h3 class=\"hfe-infocard-title elementor-inline-editing\" data-elementor-setting-key=\"infocard_title\" data-elementor-inline-editing-toolbar=\"basic\" >E-commerce i sklepy<\/h3>\t\t\t<\/div>\n\t\t\t\t\t\t<div class=\"hfe-infocard-text-wrap\">\n\t\t\t\t<div class=\"hfe-infocard-text elementor-inline-editing\" data-elementor-setting-key=\"infocard_description\" data-elementor-inline-editing-toolbar=\"advanced\">\n\t\t\t\t\tSpecjalizujemy si\u0119 w budowaniu sklepi e-commerce, kt\u00f3re s\u0105 gotowe na ruch. Dzi\u0119ki naszym rozwi\u0105zaniom, Twoje produkty zostan\u0105 zaprezentowane w spos\u00f3b zach\u0119caj\u0105cy do zakupu, a proces zakupowy b\u0119dzie prosty i intuicyjny, co zwi\u0119kszy wsp\u00f3\u0142czynnik konwersji.\t\t\t\t<\/div>\n\t\t\t\t\t\t\t<\/div>\n\t\t<\/div>\n\n\t\t\t\t\t\t<\/div>\n\t\t\t\t<\/div>\n\t\t\t\t<\/div>\n\t\t\t\t<\/div>\n\t\t<div class=\"elementor-element elementor-element-d7d7cb7 e-con-full e-flex e-con e-child\" data-id=\"d7d7cb7\" data-element_type=\"container\" data-e-type=\"container\">\n\t\t<div class=\"elementor-element elementor-element-125e775 e-con-full e-flex e-con e-child\" data-id=\"125e775\" data-element_type=\"container\" data-e-type=\"container\">\n\t\t\t\t<div class=\"elementor-element elementor-element-3dca7a8 elementor-widget elementor-widget-heading\" data-id=\"3dca7a8\" data-element_type=\"widget\" data-e-type=\"widget\" data-widget_type=\"heading.default\">\n\t\t\t\t<div class=\"elementor-widget-container\">\n\t\t\t\t\t<span class=\"elementor-heading-title elementor-size-default\">03<\/span>\t\t\t\t<\/div>\n\t\t\t\t<\/div>\n\t\t\t\t<div class=\"elementor-element elementor-element-9f01f5d elementor-widget elementor-widget-hfe-infocard\" data-id=\"9f01f5d\" data-element_type=\"widget\" data-e-type=\"widget\" data-widget_type=\"hfe-infocard.default\">\n\t\t\t\t<div class=\"elementor-widget-container\">\n\t\t\t\t\t\n\t\t<div class=\"hfe-infocard\">\n\t\t\t\t\t\t\t\t\t<div class=\"hfe-infocard-title-wrap\">\n\t\t\t\t<h3 class=\"hfe-infocard-title elementor-inline-editing\" data-elementor-setting-key=\"infocard_title\" data-elementor-inline-editing-toolbar=\"basic\" >Migracje stron<\/h3>\t\t\t<\/div>\n\t\t\t\t\t\t<div class=\"hfe-infocard-text-wrap\">\n\t\t\t\t<div class=\"hfe-infocard-text elementor-inline-editing\" data-elementor-setting-key=\"infocard_description\" data-elementor-inline-editing-toolbar=\"advanced\">\n\t\t\t\t\tProponujemy r\u00f3wnie\u017c migracje witryn oraz optymalizacj\u0119 SEO, kt\u00f3re zapewni\u0105 zachowanie dotychczasowej widoczno\u015bci w wyszukiwarkach. Nasze us\u0142ugi obejmuj\u0105 plany przekierowa\u0144, monitoring indeksacji oraz zachowanie sp\u00f3jno\u015bci tre\u015bci, aby transfer by\u0142 bezproblemowy.\t\t\t\t<\/div>\n\t\t\t\t\t\t\t<\/div>\n\t\t<\/div>\n\n\t\t\t\t\t\t<\/div>\n\t\t\t\t<\/div>\n\t\t\t\t<\/div>\n\t\t<div class=\"elementor-element elementor-element-d3070d6 e-con-full e-flex e-con e-child\" data-id=\"d3070d6\" data-element_type=\"container\" data-e-type=\"container\">\n\t\t\t\t<div class=\"elementor-element elementor-element-691856d elementor-widget elementor-widget-image\" data-id=\"691856d\" data-element_type=\"widget\" data-e-type=\"widget\" data-widget_type=\"image.default\">\n\t\t\t\t<div class=\"elementor-widget-container\">\n\t\t\t\t\t\t\t\t\t\t\t\t\t\t\t<img loading=\"lazy\" decoding=\"async\" width=\"700\" height=\"1050\" src=\"https:\/\/stronovo.com\/wp-content\/uploads\/2025\/09\/man-in-black-shirt-sits-behind-desk-with-computers-2102416.jpeg\" class=\"attachment-full size-full wp-image-1676\" alt=\"A web developer working on code in a modern office setting with multiple devices.\" srcset=\"https:\/\/stronovo.com\/wp-content\/uploads\/2025\/09\/man-in-black-shirt-sits-behind-desk-with-computers-2102416.jpeg 700w, https:\/\/stronovo.com\/wp-content\/uploads\/2025\/09\/man-in-black-shirt-sits-behind-desk-with-computers-2102416-200x300.jpeg 200w, https:\/\/stronovo.com\/wp-content\/uploads\/2025\/09\/man-in-black-shirt-sits-behind-desk-with-computers-2102416-683x1024.jpeg 683w\" sizes=\"(max-width: 700px) 100vw, 700px\" \/>\t\t\t\t\t\t\t\t\t\t\t\t\t\t\t<\/div>\n\t\t\t\t<\/div>\n\t\t\t\t<\/div>\n\t\t\t\t<\/div>\n\t\t\t\t\t<\/div>\n\t\t\t\t<\/div>\n\t\t<div class=\"elementor-element elementor-element-c461a01 e-flex e-con-boxed e-con e-parent\" data-id=\"c461a01\" data-element_type=\"container\" data-e-type=\"container\" data-settings=\"{&quot;background_background&quot;:&quot;classic&quot;}\">\n\t\t\t\t\t<div class=\"e-con-inner\">\n\t\t<div class=\"elementor-element elementor-element-e48c08d e-con-full e-flex e-con e-child\" data-id=\"e48c08d\" data-element_type=\"container\" data-e-type=\"container\" data-settings=\"{&quot;background_background&quot;:&quot;classic&quot;}\">\n\t\t\t\t<div class=\"elementor-element elementor-element-fe33a7b elementor-widget elementor-widget-heading\" data-id=\"fe33a7b\" data-element_type=\"widget\" data-e-type=\"widget\" data-widget_type=\"heading.default\">\n\t\t\t\t<div class=\"elementor-widget-container\">\n\t\t\t\t\t<span class=\"elementor-heading-title elementor-size-default\">Skontaktuj si\u0119 z nami<\/span>\t\t\t\t<\/div>\n\t\t\t\t<\/div>\n\t\t\t\t<div class=\"elementor-element elementor-element-2ec1ea6 elementor-widget elementor-widget-icon-box\" data-id=\"2ec1ea6\" data-element_type=\"widget\" data-e-type=\"widget\" data-widget_type=\"icon-box.default\">\n\t\t\t\t<div class=\"elementor-widget-container\">\n\t\t\t\t\t\t\t<div class=\"elementor-icon-box-wrapper\">\n\n\t\t\t\n\t\t\t\t\t\t<div class=\"elementor-icon-box-content\">\n\n\t\t\t\t\t\t\t\t\t<h3 class=\"elementor-icon-box-title\">\n\t\t\t\t\t\t<span  >\n\t\t\t\t\t\t\tZobacz, jak mo\u017cemy pom\u00f3c Twojemu biznesowi. Skontaktuj si\u0119 z nami ju\u017c dzi\u015b!\t\t\t\t\t\t<\/span>\n\t\t\t\t\t<\/h3>\n\t\t\t\t\n\t\t\t\t\n\t\t\t<\/div>\n\t\t\t\n\t\t<\/div>\n\t\t\t\t\t\t<\/div>\n\t\t\t\t<\/div>\n\t\t\t\t<div class=\"elementor-element elementor-element-f27a664 elementor-align-center elementor-widget elementor-widget-button\" data-id=\"f27a664\" data-element_type=\"widget\" data-e-type=\"widget\" data-widget_type=\"button.default\">\n\t\t\t\t<div class=\"elementor-widget-container\">\n\t\t\t\t\t\t\t\t\t<div class=\"elementor-button-wrapper\">\n\t\t\t\t\t<a class=\"elementor-button elementor-button-link elementor-size-sm\" href=\"\/contact\/\">\n\t\t\t\t\t\t<span class=\"elementor-button-content-wrapper\">\n\t\t\t\t\t\t\t\t\t<span class=\"elementor-button-text\">Rozpocznij rozmow\u0119<\/span>\n\t\t\t\t\t<\/span>\n\t\t\t\t\t<\/a>\n\t\t\t\t<\/div>\n\t\t\t\t\t\t\t\t<\/div>\n\t\t\t\t<\/div>\n\t\t\t\t<div class=\"elementor-element elementor-element-c9a3762 elementor-widget elementor-widget-heading\" data-id=\"c9a3762\" data-element_type=\"widget\" data-e-type=\"widget\" data-widget_type=\"heading.default\">\n\t\t\t\t<div class=\"elementor-widget-container\">\n\t\t\t\t\t<span class=\"elementor-heading-title elementor-size-default\">lub zadzwo\u0144 do nas pod<\/span>\t\t\t\t<\/div>\n\t\t\t\t<\/div>\n\t\t\t\t<div class=\"elementor-element elementor-element-7a48988 elementor-widget elementor-widget-heading\" data-id=\"7a48988\" data-element_type=\"widget\" data-e-type=\"widget\" data-widget_type=\"heading.default\">\n\t\t\t\t<div class=\"elementor-widget-container\">\n\t\t\t\t\t<h3 class=\"elementor-heading-title elementor-size-default\">+48 783 860 783<\/h3>\t\t\t\t<\/div>\n\t\t\t\t<\/div>\n\t\t\t\t<\/div>\n\t\t\t\t\t<\/div>\n\t\t\t\t<\/div>\n\t\t\t\t<\/div>\n\t\t","protected":false},"excerpt":{"rendered":"<p>{{SERVICES_HERO_PREFIX}} {{SERVICES_HERO_HEADING}} {{SERVICES_SECTION_PREFIX}} {{SERVICES_HEADING}} 01 {{SERVICE_HEADING_1}} {{SERVICES_DESCRIPTION_4}} 02 {{SERVICE_HEADING_2}} {{SERVICES_DESCRIPTION_5}} 03 {{SERVICE_HEADING_3}} {{SERVICES_DESCRIPTION_6}} {{FOOTER_PREFIX}} {{FOOTER_CTA_HEADING}} {{CTA_BTN}} {{or call us at}}: [&hellip;]<\/p>\n","protected":false},"author":2,"featured_media":0,"parent":0,"menu_order":0,"comment_status":"closed","ping_status":"closed","template":"","meta":{"site-sidebar-layout":"no-sidebar","site-content-layout":"page-builder","ast-site-content-layout":"full-width-container","site-content-style":"default","site-sidebar-style":"default","ast-global-header-display":"","ast-banner-title-visibility":"","ast-main-header-display":"","ast-hfb-above-header-display":"","ast-hfb-below-header-display":"","ast-hfb-mobile-header-display":"","site-post-title":"disabled","ast-breadcrumbs-content":"","ast-featured-img":"disabled","footer-sml-layout":"","ast-disable-related-posts":"","theme-transparent-header-meta":"","adv-header-id-meta":"","stick-header-meta":"","header-above-stick-meta":"","header-main-stick-meta":"","header-below-stick-meta":"","astra-migrate-meta-layouts":"default","ast-page-background-enabled":"default","ast-page-background-meta":{"desktop":{"background-color":"var(--ast-global-color-4)","background-image":"","background-repeat":"repeat","background-position":"center center","background-size":"auto","background-attachment":"scroll","background-type":"","background-media":"","overlay-type":"","overlay-color":"","overlay-opacity":"","overlay-gradient":""},"tablet":{"background-color":"","background-image":"","background-repeat":"repeat","background-position":"center center","background-size":"auto","background-attachment":"scroll","background-type":"","background-media":"","overlay-type":"","overlay-color":"","overlay-opacity":"","overlay-gradient":""},"mobile":{"background-color":"","background-image":"","background-repeat":"repeat","background-position":"center center","background-size":"auto","background-attachment":"scroll","background-type":"","background-media":"","overlay-type":"","overlay-color":"","overlay-opacity":"","overlay-gradient":""}},"ast-content-background-meta":{"desktop":{"background-color":"var(--ast-global-color-5)","background-image":"","background-repeat":"repeat","background-position":"center center","background-size":"auto","background-attachment":"scroll","background-type":"","background-media":"","overlay-type":"","overlay-color":"","overlay-opacity":"","overlay-gradient":""},"tablet":{"background-color":"var(--ast-global-color-5)","background-image":"","background-repeat":"repeat","background-position":"center center","background-size":"auto","background-attachment":"scroll","background-type":"","background-media":"","overlay-type":"","overlay-color":"","overlay-opacity":"","overlay-gradient":""},"mobile":{"background-color":"var(--ast-global-color-5)","background-image":"","background-repeat":"repeat","background-position":"center center","background-size":"auto","background-attachment":"scroll","background-type":"","background-media":"","overlay-type":"","overlay-color":"","overlay-opacity":"","overlay-gradient":""}},"footnotes":""},"class_list":["post-765","page","type-page","status-publish","hentry"],"_links":{"self":[{"href":"https:\/\/stronovo.com\/index.php?rest_route=\/wp\/v2\/pages\/765","targetHints":{"allow":["GET"]}}],"collection":[{"href":"https:\/\/stronovo.com\/index.php?rest_route=\/wp\/v2\/pages"}],"about":[{"href":"https:\/\/stronovo.com\/index.php?rest_route=\/wp\/v2\/types\/page"}],"author":[{"embeddable":true,"href":"https:\/\/stronovo.com\/index.php?rest_route=\/wp\/v2\/users\/2"}],"replies":[{"embeddable":true,"href":"https:\/\/stronovo.com\/index.php?rest_route=%2Fwp%2Fv2%2Fcomments&post=765"}],"version-history":[{"count":0,"href":"https:\/\/stronovo.com\/index.php?rest_route=\/wp\/v2\/pages\/765\/revisions"}],"wp:attachment":[{"href":"https:\/\/stronovo.com\/index.php?rest_route=%2Fwp%2Fv2%2Fmedia&parent=765"}],"curies":[{"name":"wp","href":"https:\/\/api.w.org\/{rel}","templated":true}]}}